{"id":2014,"date":"2024-05-04T13:03:01","date_gmt":"2024-05-04T16:03:01","guid":{"rendered":"https:\/\/label.info\/?page_id=2014"},"modified":"2025-01-03T14:11:49","modified_gmt":"2025-01-03T17:11:49","slug":"tools","status":"publish","type":"page","link":"https:\/\/label.info\/pt\/tools\/","title":{"rendered":"Tools"},"content":{"rendered":"<div id=\"myModal2\" class=\"modal2\" style=\"display:none\">\r\n    <!-- Modal content -->\r\n        <div class=\"modal-content2\" id=\"ModalShow2\">\r\n            <span class=\"close2\">&times;<\/span>\r\n            <div id=\"modalBody2\"> <!-- Cont\u00eainer para o conte\u00fado atualiz\u00e1vel -->\r\n                <p><\/p>\r\n            <\/div>\r\n        <\/div>\r\n    <\/div>\r\n    <div class=\"sell_page\">\r\n        <div class=\"campo\">\r\n                <h2>Useful tools for your label business<\/h2>\r\n                Here you can find useful tools for label business.\r\n        <\/div>\r\n\r\n        <div class=\"grid-container\">\r\n    <div class=\"grid-item labelcalc\" data-target=\"labelcalc\" data-url=\"https:\/\/label.info\/label-calculator\/\">\r\n        <img decoding=\"async\" src=\"https:\/\/label.info\/wp-content\/uploads\/2024\/05\/foto-quadrada-label-calculator-scaled.jpg\" alt=\"labelcalc\">\r\n        <div>\r\n            <h3>Calculadora de Etiquetas<\/h3>\r\n            <p>Useful for calculating label quantity and consumption.<\/p>\r\n        <\/div>\r\n    <\/div>\r\n    <div class=\"grid-item cylcalc\" data-target=\"cylcalc\" data-url=\"https:\/\/label.info\/flexographic-cylinder-calculator\/\">\r\n        <img decoding=\"async\" src=\"https:\/\/label.info\/wp-content\/uploads\/2024\/05\/porta-cliche-faca-scaled.jpg\" alt=\"cylcalc\">\r\n        <div>\r\n            <h3>Cylinder Calculator<\/h3>\r\n            <p>Calculate printing cylinder diameter, die bearer and printing plate distortion.<\/p>\r\n        <\/div>\r\n    <\/div>\r\n    <div class=\"grid-item diebuilder\" data-target=\"diebuilder\" data-url=\"https:\/\/label.info\/die-builder\/\">\r\n        <img decoding=\"async\" src=\"https:\/\/label.info\/wp-content\/uploads\/2024\/05\/faca-scaled.jpg\" alt=\"diebuilder\">\r\n        <div>\r\n            <h3>Construtor de Faca<\/h3>\r\n            <p>Create a PDF with the correct label format.<\/p>\r\n        <\/div>\r\n    <\/div>\r\n    <div class=\"grid-item rollcalc\" data-target=\"rollcalc\" data-url=\"https:\/\/label.info\/roll-length-and-diameter-calculator\/\">\r\n        <img decoding=\"async\" src=\"https:\/\/label.info\/wp-content\/uploads\/2024\/05\/foto-quadrada-roll-scaled.jpg\" alt=\"rollcalc\">\r\n        <div>\r\n            <h3>Roll Length and Diameter Calculator<\/h3>\r\n            <p>Calculate de diameter and length of rolls.<\/p>\r\n        <\/div>\r\n     <\/div>\r\n     <\/div>\r\n\r\n\r\n\r\n\r\n\r\n        \r\n        \r\n        <div class=\"campo\" style=\"margin-top: 20px;\">\r\n        <h2>Your Production<\/h2>\r\n        You can organize your label business production.\r\n        <\/div>\r\n\r\n        \r\n        <div class=\"grid-container\">\r\n        <div class=\"grid-item orders\" data-target=\"orders\" data-url=\"https:\/\/label.info\/mes-orders\/\">\r\n            <img decoding=\"async\" src=\"https:\/\/label.info\/wp-content\/uploads\/2024\/05\/orders-square-scaled.jpg\" alt=\"orders\">\r\n            <div>\r\n                <h3>Orders<\/h3>\r\n                <p>Organize your orders<\/p>\r\n            <\/div>\r\n        <\/div>\r\n        <div class=\"grid-item production\" data-target=\"production\" data-url=\"https:\/\/label.info\/mes-production\/\">\r\n            <img decoding=\"async\" src=\"https:\/\/label.info\/wp-content\/uploads\/2024\/05\/production-square-scaled.jpg\" alt=\"production\">\r\n            <div>\r\n                <h3>Production<\/h3>\r\n                <p>Organize your Production.<\/p>\r\n            <\/div>\r\n        <\/div>\r\n    <\/div>\r\n    \r\n\r\n\r\n\r\n\r\n\r\n        <div class=\"campo\" style=\"margin-top: 20px;\">\r\n        <h2>Organize your tools<\/h2>\r\n        You can organize your label tools.\r\n        <\/div>\r\n\r\n        \r\n        <div class=\"grid-container\">\r\n        <div class=\"grid-item labelcalc\" data-target=\"labelcalc\" data-url=\"https:\/\/label.info\/label-calculator\/\">\r\n            <img decoding=\"async\" src=\"https:\/\/label.info\/wp-content\/uploads\/2024\/05\/die-square-scaled.jpg\" alt=\"labelcalc\">\r\n            <div>\r\n                <h3>Die Organizer<\/h3>\r\n                <p>Organize your cutting dies with our Database.<\/p>\r\n            <\/div>\r\n        <\/div>\r\n        <div class=\"grid-item cylcalc\" data-target=\"cylcalc\" data-url=\"https:\/\/label.info\/flexographic-cylinder-calculator\/\">\r\n            <img decoding=\"async\" src=\"https:\/\/label.info\/wp-content\/uploads\/2024\/05\/plate-cylinder-square-scaled.jpg\" alt=\"cylcalc\">\r\n            <div>\r\n                <h3>Plate Cylinder Organizer<\/h3>\r\n                <p>Organize your Plate Cylinders\/Printing Cylinders with our Database.<\/p>\r\n            <\/div>\r\n        <\/div>\r\n        <div class=\"grid-item diebuilder\" data-target=\"diebuilder\" data-url=\"https:\/\/label.info\/die-builder\/\">\r\n            <img decoding=\"async\" src=\"https:\/\/label.info\/wp-content\/uploads\/2024\/05\/plate-square-scaled.jpg\" alt=\"diebuilder\">\r\n            <div>\r\n                <h3>Printing Plate Organizer<\/h3>\r\n                <p>Organize your printing plates with our Database.<\/p>\r\n            <\/div>\r\n        <\/div>\r\n        <div class=\"grid-item diebuilder\" data-target=\"diebuilder\" data-url=\"https:\/\/label.info\/die-builder\/\">\r\n            <img decoding=\"async\" src=\"https:\/\/label.info\/wp-content\/uploads\/2024\/05\/anilox-square-scaled.jpg\" alt=\"diebuilder\">\r\n            <div>\r\n                <h3>Anilox Organizer<\/h3>\r\n                <p>Organize your Aniloxes with our Database.<\/p>\r\n            <\/div>\r\n        <\/div>\r\n        <div class=\"grid-item rollcalc\" data-target=\"rollcalc\" data-url=\"https:\/\/label.info\/roll-length-and-diameter-calculator\/\">\r\n            <img decoding=\"async\" src=\"https:\/\/label.info\/wp-content\/uploads\/2024\/05\/machine-square-scaled.jpg\" alt=\"rollcalc\">\r\n            <div>\r\n                <h3>Machines Database<\/h3>\r\n                <p>Set your machines information to get the maximum of our Platform.<\/p>\r\n            <\/div>\r\n        <\/div>\r\n    <\/div>\r\n\r\n\r\n\r\n    \r\n\r\n\r\n\r\n\r\n\r\n    <div class=\"campo\" style=\"margin-top: 20px;\">\r\n    <h2>API connections and AI<\/h2>\r\n    Connect your CRM, ERP or Other platform to our database and get the maximum control of your company.\r\n    <\/div>\r\n\r\n    \r\n    <div class=\"grid-container\">\r\n    <div class=\"grid-item diebuilder\" data-target=\"diebuilder\" data-url=\"https:\/\/label.info\/die-builder\/\">\r\n    <img decoding=\"async\" src=\"https:\/\/label.info\/wp-content\/uploads\/2024\/05\/ai-square-scaled.jpg\" alt=\"diebuilder\">\r\n    <div>\r\n        <h3>AI configuration<\/h3>\r\n        <p>Configure the AI to organize your company.<\/p>\r\n    <\/div>\r\n    <\/div>\r\n    <div class=\"grid-item labelcalc\" data-target=\"labelcalc\" data-url=\"https:\/\/label.info\/label-calculator\/\">\r\n        <img decoding=\"async\" src=\"https:\/\/label.info\/wp-content\/uploads\/2024\/05\/erp-square-scaled.jpg\" alt=\"labelcalc\">\r\n        <div>\r\n            <h3>ERP<\/h3>\r\n            <p>Connect your ERP and syncronise your orders with the production and AI.<\/p>\r\n        <\/div>\r\n    <\/div>\r\n    <div class=\"grid-item cylcalc\" data-target=\"cylcalc\" data-url=\"https:\/\/label.info\/flexographic-cylinder-calculator\/\">\r\n        <img decoding=\"async\" src=\"https:\/\/label.info\/wp-content\/uploads\/2024\/05\/crm-square-scaled.jpg\" alt=\"cylcalc\">\r\n        <div>\r\n            <h3>CRM<\/h3>\r\n            <p>Connect your sales department and syncronise with our AI.<\/p>\r\n        <\/div>\r\n    <\/div>\r\n\r\n    <div class=\"grid-item diebuilder\" data-target=\"diebuilder\" data-url=\"https:\/\/label.info\/die-builder\/\">\r\n        <img decoding=\"async\" src=\"https:\/\/label.info\/wp-content\/uploads\/2024\/05\/mail-square-scaled.jpg\" alt=\"diebuilder\">\r\n        <div>\r\n            <h3>Email<\/h3>\r\n            <p>Syncronize your company email to our AI.<\/p>\r\n        <\/div>\r\n    <\/div>\r\n    <div class=\"grid-item rollcalc\" data-target=\"rollcalc\" data-url=\"https:\/\/label.info\/roll-length-and-diameter-calculator\/\">\r\n        <img decoding=\"async\" src=\"https:\/\/label.info\/wp-content\/uploads\/2024\/05\/whatsapp-square-scaled.jpg\" alt=\"rollcalc\">\r\n        <div>\r\n            <h3>Whatsapp<\/h3>\r\n            <p>Configure your whatsapp account, so you can talk to your AI.<\/p>\r\n        <\/div>\r\n    <\/div>\r\n    <\/div>\r\n\r\n\r\n\r\n\r\n\r\n    <\/div>\r\n<style>\r\n.grid-container {\r\n    display: grid;\r\n    grid-template-columns: repeat(auto-fill, minmax(250px, 1fr));\r\n    gap: 20px;\r\n    padding-top: 20px;\r\n}\r\n\r\n.grid-item {\r\n    border-radius: 8px; \/* cantos arredondados *\/\r\n    overflow: hidden;\r\n    box-shadow: 0 0 10px rgba(0, 0, 0, 0.05); \/* sombra sutil *\/\r\n    background: #fff; \/* fundo branco *\/\r\n    display: flex;\r\n    flex-direction: column;\r\n    justify-content: space-between; \/* espa\u00e7amento interno consistente *\/\r\n    border: 1px solid #e6e6e6; \/* contorno cinza claro *\/\r\n    cursor: pointer; \/* Mudan\u00e7a aqui: faz o cursor mudar para m\u00e3o quando passar por cima *\/\r\n}\r\n\r\n.grid-item:hover {\r\n    box-shadow: 0 0 20px rgba(0, 0, 0, 0.13); \/* sombra mais evidente ao passar o mouse *\/\r\n}\r\n\r\n.grid-item img {\r\n    width: 100%;\r\n    display: block;\r\n}\r\n\r\n.grid-item h3 {\r\n    font-size: 18px;\r\n    color: #333;\r\n    margin: 16px; \/* espa\u00e7o ao redor do t\u00edtulo *\/\r\n}\r\n\r\n.grid-item p {\r\n    font-size: 15px;\r\n    color: #666;\r\n    margin: 0 16px 16px; \/* espa\u00e7o ao redor do par\u00e1grafo *\/\r\n}\r\n\r\n\/* Estilos para dispositivos m\u00f3veis *\/\r\n@media (max-width: 600px) {\r\n    .grid-container {\r\n        grid-template-columns: 1fr; \/* Cada card ocupa a linha inteira *\/\r\n    }\r\n    \r\n    .grid-item {\r\n        flex-direction: row; \/* Alinhar itens em linha *\/\r\n        height: auto; \/* Ajustar altura automaticamente *\/\r\n    }\r\n    \r\n    .grid-item img {\r\n        width: 40%; \/* Ajustar a largura da imagem para 40% do card *\/\r\n        height: auto; \/* Ajustar a altura automaticamente *\/\r\n    }\r\n    \r\n    .grid-item div {\r\n        width: 60%; \/* Ajustar a largura do conte\u00fado para 60% do card *\/\r\n        display: flex;\r\n        flex-direction: column;\r\n        justify-content: center;\r\n        padding: 0 16px; \/* Adicionar padding ao conte\u00fado *\/\r\n    }\r\n    \r\n    .grid-item h3 {\r\n        font-size: 16px; \/* Reduzir o tamanho da fonte do t\u00edtulo *\/\r\n        margin: 8px 0; \/* Ajustar o espa\u00e7o ao redor do t\u00edtulo *\/\r\n    }\r\n    \r\n    .grid-item p {\r\n        font-size: 14px; \/* Reduzir o tamanho da fonte do par\u00e1grafo *\/\r\n        margin: 8px 0; \/* Ajustar o espa\u00e7o ao redor do par\u00e1grafo *\/\r\n    }\r\n}\r\n<\/style>\r\n\r\n\r\n\r\n\r\n    <script>\r\n\r\n\r\n\r\n\r\n    jQuery(document).ready(function() {\r\n        jQuery('.grid-item').on('mousedown', function(event) {\r\n            var url = jQuery(this).data('url'); \/\/ Obt\u00e9m o URL do atributo data-url\r\n            if (event.which === 1) { \/\/ Clique com o bot\u00e3o esquerdo\r\n                window.location.href = url; \/\/ Redireciona na mesma aba\r\n            } else if (event.which === 2) { \/\/ Clique com o bot\u00e3o do meio\r\n                window.open(url, '_blank'); \/\/ Abre em uma nova aba\r\n            }\r\n        });\r\n    });\r\n    \r\n    \r\n\r\n<\/script>\r\n\r\n\r\n<style>\r\n  textarea {\r\n    width: 100%;  \/* Faz o campo de texto ocupar 100% da largura do seu cont\u00eainer *\/\r\n    min-height: 10em; \/* Altura m\u00ednima para acomodar aproximadamente 10 linhas de texto *\/\r\n    box-sizing: border-box; \/* Garante que a largura inclua padding e borda *\/\r\n    resize: none; \/* Desativa o redimensionamento do campo de texto *\/\r\n  }\r\n<\/style>\r\n\r\n\r\n\r\n<p><\/p>","protected":false},"excerpt":{"rendered":"","protected":false},"author":1,"featured_media":0,"parent":0,"menu_order":0,"comment_status":"closed","ping_status":"closed","template":"","meta":{"footnotes":""},"class_list":["post-2014","page","type-page","status-publish","hentry"],"yoast_head":"<!-- This site is optimized with the Yoast SEO plugin v23.4 - https:\/\/yoast.com\/wordpress\/plugins\/seo\/ -->\n<title>Tools - Label Info<\/title>\n<meta name=\"robots\" content=\"index, follow, max-snippet:-1, max-image-preview:large, max-video-preview:-1\" \/>\n<link rel=\"canonical\" href=\"https:\/\/label.info\/pt\/tools\/\" class=\"yoast-seo-meta-tag\" \/>\n<meta property=\"og:locale\" content=\"pt_BR\" class=\"yoast-seo-meta-tag\" \/>\n<meta property=\"og:type\" content=\"article\" class=\"yoast-seo-meta-tag\" \/>\n<meta property=\"og:title\" content=\"Tools - Label Info\" class=\"yoast-seo-meta-tag\" \/>\n<meta property=\"og:url\" content=\"https:\/\/label.info\/pt\/tools\/\" class=\"yoast-seo-meta-tag\" \/>\n<meta property=\"og:site_name\" content=\"Label Info\" class=\"yoast-seo-meta-tag\" \/>\n<meta property=\"article:modified_time\" content=\"2025-01-03T17:11:49+00:00\" class=\"yoast-seo-meta-tag\" \/>\n<meta name=\"twitter:card\" content=\"summary_large_image\" class=\"yoast-seo-meta-tag\" \/>\n<meta name=\"twitter:label1\" content=\"Est. tempo de leitura\" class=\"yoast-seo-meta-tag\" \/>\n\t<meta name=\"twitter:data1\" content=\"1 minuto\" class=\"yoast-seo-meta-tag\" \/>\n<script type=\"application\/ld+json\" class=\"yoast-schema-graph\">{\"@context\":\"https:\/\/schema.org\",\"@graph\":[{\"@type\":\"WebPage\",\"@id\":\"https:\/\/label.info\/tools\/\",\"url\":\"https:\/\/label.info\/tools\/\",\"name\":\"Tools - Label Info\",\"isPartOf\":{\"@id\":\"https:\/\/label.info\/#website\"},\"datePublished\":\"2024-05-04T16:03:01+00:00\",\"dateModified\":\"2025-01-03T17:11:49+00:00\",\"breadcrumb\":{\"@id\":\"https:\/\/label.info\/tools\/#breadcrumb\"},\"inLanguage\":\"pt-BR\",\"potentialAction\":[{\"@type\":\"ReadAction\",\"target\":[\"https:\/\/label.info\/tools\/\"]}]},{\"@type\":\"BreadcrumbList\",\"@id\":\"https:\/\/label.info\/tools\/#breadcrumb\",\"itemListElement\":[{\"@type\":\"ListItem\",\"position\":1,\"name\":\"Home\",\"item\":\"https:\/\/label.info\/\"},{\"@type\":\"ListItem\",\"position\":2,\"name\":\"Tools\"}]},{\"@type\":\"WebSite\",\"@id\":\"https:\/\/label.info\/#website\",\"url\":\"https:\/\/label.info\/\",\"name\":\"Label Info\",\"description\":\"For Label Makers\",\"potentialAction\":[{\"@type\":\"SearchAction\",\"target\":{\"@type\":\"EntryPoint\",\"urlTemplate\":\"https:\/\/label.info\/?s={search_term_string}\"},\"query-input\":{\"@type\":\"PropertyValueSpecification\",\"valueRequired\":true,\"valueName\":\"search_term_string\"}}],\"inLanguage\":\"pt-BR\"}]}<\/script>\n<!-- \/ Yoast SEO plugin. -->","yoast_head_json":{"title":"Tools - Label Info","robots":{"index":"index","follow":"follow","max-snippet":"max-snippet:-1","max-image-preview":"max-image-preview:large","max-video-preview":"max-video-preview:-1"},"canonical":"https:\/\/label.info\/pt\/tools\/","og_locale":"pt_BR","og_type":"article","og_title":"Tools - Label Info","og_url":"https:\/\/label.info\/pt\/tools\/","og_site_name":"Label Info","article_modified_time":"2025-01-03T17:11:49+00:00","twitter_card":"summary_large_image","twitter_misc":{"Est. tempo de leitura":"1 minuto"},"schema":{"@context":"https:\/\/schema.org","@graph":[{"@type":"WebPage","@id":"https:\/\/label.info\/tools\/","url":"https:\/\/label.info\/tools\/","name":"Tools - Label Info","isPartOf":{"@id":"https:\/\/label.info\/#website"},"datePublished":"2024-05-04T16:03:01+00:00","dateModified":"2025-01-03T17:11:49+00:00","breadcrumb":{"@id":"https:\/\/label.info\/tools\/#breadcrumb"},"inLanguage":"pt-BR","potentialAction":[{"@type":"ReadAction","target":["https:\/\/label.info\/tools\/"]}]},{"@type":"BreadcrumbList","@id":"https:\/\/label.info\/tools\/#breadcrumb","itemListElement":[{"@type":"ListItem","position":1,"name":"Home","item":"https:\/\/label.info\/"},{"@type":"ListItem","position":2,"name":"Tools"}]},{"@type":"WebSite","@id":"https:\/\/label.info\/#website","url":"https:\/\/label.info\/","name":"Label Info","description":"For Label Makers","potentialAction":[{"@type":"SearchAction","target":{"@type":"EntryPoint","urlTemplate":"https:\/\/label.info\/?s={search_term_string}"},"query-input":{"@type":"PropertyValueSpecification","valueRequired":true,"valueName":"search_term_string"}}],"inLanguage":"pt-BR"}]}},"_links":{"self":[{"href":"https:\/\/label.info\/pt\/wp-json\/wp\/v2\/pages\/2014","targetHints":{"allow":["GET"]}}],"collection":[{"href":"https:\/\/label.info\/pt\/wp-json\/wp\/v2\/pages"}],"about":[{"href":"https:\/\/label.info\/pt\/wp-json\/wp\/v2\/types\/page"}],"author":[{"embeddable":true,"href":"https:\/\/label.info\/pt\/wp-json\/wp\/v2\/users\/1"}],"replies":[{"embeddable":true,"href":"https:\/\/label.info\/pt\/wp-json\/wp\/v2\/comments?post=2014"}],"version-history":[{"count":3,"href":"https:\/\/label.info\/pt\/wp-json\/wp\/v2\/pages\/2014\/revisions"}],"predecessor-version":[{"id":5438,"href":"https:\/\/label.info\/pt\/wp-json\/wp\/v2\/pages\/2014\/revisions\/5438"}],"wp:attachment":[{"href":"https:\/\/label.info\/pt\/wp-json\/wp\/v2\/media?parent=2014"}],"curies":[{"name":"wp","href":"https:\/\/api.w.org\/{rel}","templated":true}]}}